{"id":29,"date":"2018-09-14T14:15:49","date_gmt":"2018-09-14T14:15:49","guid":{"rendered":"http:\/\/ulf-forkel.de\/?page_id=29"},"modified":"2018-09-16T18:12:20","modified_gmt":"2018-09-16T18:12:20","slug":"sanitaer","status":"publish","type":"page","link":"https:\/\/ulf-forkel.de\/?page_id=29","title":{"rendered":"Sanit\u00e4r"},"content":{"rendered":"<p>Durch moderne Vorwandinstalationen sind den Gestaltungsm\u00f6glichkeiten im Bad und Dusche sowie im Wellnessbereich keine Grenzen gesetzt. Zus\u00e4tzlich ist es sauberer, schneller und g\u00fcnstiger zu installieren als der \u00fcbliche Nassbau.<\/p>\n<p>Fertige Module wie zum Beispiel das WC-Element werden kombiniert mit Profilen und mit Gipskarton verkleidet.<\/p>\n<p>So ist Ihr Traum vom Bad schnell und individuell erf\u00fcllt.<\/p>\n<p><img decoding=\"async\" loading=\"lazy\" class=\"alignnone size-medium wp-image-164\" src=\"http:\/\/ulf-forkel.de\/wp-content\/uploads\/2018\/09\/DSCF0010-300x225.jpg\" alt=\"\" width=\"300\" height=\"225\" srcset=\"https:\/\/ulf-forkel.de\/wp-content\/uploads\/2018\/09\/DSCF0010-300x225.jpg 300w, https:\/\/ulf-forkel.de\/wp-content\/uploads\/2018\/09\/DSCF0010-768x576.jpg 768w, https:\/\/ulf-forkel.de\/wp-content\/uploads\/2018\/09\/DSCF0010-1024x768.jpg 1024w, https:\/\/ulf-forkel.de\/wp-content\/uploads\/2018\/09\/DSCF0010-100x75.jpg 100w, https:\/\/ulf-forkel.de\/wp-content\/uploads\/2018\/09\/DSCF0010-150x113.jpg 150w, https:\/\/ulf-forkel.de\/wp-content\/uploads\/2018\/09\/DSCF0010-200x150.jpg 200w, https:\/\/ulf-forkel.de\/wp-content\/uploads\/2018\/09\/DSCF0010-450x338.jpg 450w, https:\/\/ulf-forkel.de\/wp-content\/uploads\/2018\/09\/DSCF0010-600x450.jpg 600w, https:\/\/ulf-forkel.de\/wp-content\/uploads\/2018\/09\/DSCF0010-900x675.jpg 900w, https:\/\/ulf-forkel.de\/wp-content\/uploads\/2018\/09\/DSCF0010.jpg 1280w\" sizes=\"(max-width: 300px) 100vw, 300px\" \/><\/p>\n","protected":false},"excerpt":{"rendered":"<p>Durch moderne Vorwandinstalationen sind den Gestaltungsm\u00f6glichkeiten im Bad und Dusche sowie im Wellnessbereich keine Grenzen gesetzt. Zus\u00e4tzlich ist es sauberer, schneller und g\u00fcnstiger zu installieren als der \u00fcbliche Nassbau. Fertige Module wie zum Beispiel das WC-Element werden kombiniert mit Profilen &hellip;<\/p>\n<p class=\"read-more\"> <a class=\"more-link\" href=\"https:\/\/ulf-forkel.de\/?page_id=29\"> <span class=\"screen-reader-text\">Sanit\u00e4r<\/span> Read More &raquo;<\/a><\/p>\n","protected":false},"author":1,"featured_media":0,"parent":0,"menu_order":0,"comment_status":"closed","ping_status":"closed","template":"","meta":[],"_links":{"self":[{"href":"https:\/\/ulf-forkel.de\/index.php?rest_route=\/wp\/v2\/pages\/29"}],"collection":[{"href":"https:\/\/ulf-forkel.de\/index.php?rest_route=\/wp\/v2\/pages"}],"about":[{"href":"https:\/\/ulf-forkel.de\/index.php?rest_route=\/wp\/v2\/types\/page"}],"author":[{"embeddable":true,"href":"https:\/\/ulf-forkel.de\/index.php?rest_route=\/wp\/v2\/users\/1"}],"replies":[{"embeddable":true,"href":"https:\/\/ulf-forkel.de\/index.php?rest_route=%2Fwp%2Fv2%2Fcomments&post=29"}],"version-history":[{"count":3,"href":"https:\/\/ulf-forkel.de\/index.php?rest_route=\/wp\/v2\/pages\/29\/revisions"}],"predecessor-version":[{"id":171,"href":"https:\/\/ulf-forkel.de\/index.php?rest_route=\/wp\/v2\/pages\/29\/revisions\/171"}],"wp:attachment":[{"href":"https:\/\/ulf-forkel.de\/index.php?rest_route=%2Fwp%2Fv2%2Fmedia&parent=29"}],"curies":[{"name":"wp","href":"https:\/\/api.w.org\/{rel}","templated":true}]}}