{"id":31,"date":"2018-09-14T14:14:25","date_gmt":"2018-09-14T14:14:25","guid":{"rendered":"http:\/\/ulf-forkel.de\/?page_id=31"},"modified":"2018-09-16T18:11:13","modified_gmt":"2018-09-16T18:11:13","slug":"bad","status":"publish","type":"page","link":"https:\/\/ulf-forkel.de\/?page_id=31","title":{"rendered":"Bad"},"content":{"rendered":"<p>Wir richten Ihnen gern Ihr Bad ein, wir beraten Sie bei der Auswahl von Wanne, Waschbecken, Dusche und Badm\u00f6beln und finden f\u00fcr Sie Ihre individuelle Badl\u00f6sung.<br \/>\nEine sch\u00f6ne und raffinierte L\u00f6sung: Die Dusche &#8222;Walk In&#8220; von HSK<\/p>\n<p><img decoding=\"async\" loading=\"lazy\" class=\"alignnone size-medium wp-image-118\" src=\"http:\/\/ulf-forkel.de\/wp-content\/uploads\/2018\/09\/WalkIn_Nische-207x300.jpg\" alt=\"\" width=\"207\" height=\"300\" srcset=\"https:\/\/ulf-forkel.de\/wp-content\/uploads\/2018\/09\/WalkIn_Nische-207x300.jpg 207w, https:\/\/ulf-forkel.de\/wp-content\/uploads\/2018\/09\/WalkIn_Nische-100x145.jpg 100w, https:\/\/ulf-forkel.de\/wp-content\/uploads\/2018\/09\/WalkIn_Nische-150x218.jpg 150w, https:\/\/ulf-forkel.de\/wp-content\/uploads\/2018\/09\/WalkIn_Nische-200x290.jpg 200w, https:\/\/ulf-forkel.de\/wp-content\/uploads\/2018\/09\/WalkIn_Nische.jpg 221w\" sizes=\"(max-width: 207px) 100vw, 207px\" \/><\/p>\n<p>Die innovative Kombination der Glaselemente und das &#8222;schneckenf\u00f6rmige&#8220; Design der Duschwanne erm\u00f6glichen einen gro\u00dfz\u00fcgigen Duschraum ohne T\u00fcr- oder Einstiegsbarrieren.<\/p>\n<p>W\u00e4hlen Sie zwischen komfortablen 140 cm oder luxuri\u00f6sen 160 cm Breite.<\/p>\n<p><img decoding=\"async\" loading=\"lazy\" class=\"alignnone size-medium wp-image-50\" src=\"http:\/\/ulf-forkel.de\/wp-content\/uploads\/2018\/09\/WalkIn_Ecke-207x300.jpg\" alt=\"\" width=\"207\" height=\"300\" srcset=\"https:\/\/ulf-forkel.de\/wp-content\/uploads\/2018\/09\/WalkIn_Ecke-207x300.jpg 207w, https:\/\/ulf-forkel.de\/wp-content\/uploads\/2018\/09\/WalkIn_Ecke.jpg 221w\" sizes=\"(max-width: 207px) 100vw, 207px\" \/><\/p>\n<p>Neue Perspektiven er\u00f6ffnet Walk In als Duschl\u00f6sung in einer Raumnische. Schaffen Sie sich Ihr individuelles Raumerlebnis nach Ihren pers\u00f6nlichen Bed\u00fcrfnissen.<br \/>\nWalk In kann auch f\u00fcr den bodengleichen Einbau eingesetzt werden und bietet somit einen offenen und barrierefreien Zugang. Ideal auch im Sauna- und Fitnessbereich.<\/p>\n<p>&nbsp;<\/p>\n<p><img decoding=\"async\" loading=\"lazy\" class=\"alignnone size-medium wp-image-168\" src=\"http:\/\/ulf-forkel.de\/wp-content\/uploads\/2018\/09\/Foto0286-300x225.jpg\" alt=\"\" width=\"300\" height=\"225\" srcset=\"https:\/\/ulf-forkel.de\/wp-content\/uploads\/2018\/09\/Foto0286-300x225.jpg 300w, https:\/\/ulf-forkel.de\/wp-content\/uploads\/2018\/09\/Foto0286-768x576.jpg 768w, https:\/\/ulf-forkel.de\/wp-content\/uploads\/2018\/09\/Foto0286-1024x768.jpg 1024w, https:\/\/ulf-forkel.de\/wp-content\/uploads\/2018\/09\/Foto0286-100x75.jpg 100w, https:\/\/ulf-forkel.de\/wp-content\/uploads\/2018\/09\/Foto0286-150x113.jpg 150w, https:\/\/ulf-forkel.de\/wp-content\/uploads\/2018\/09\/Foto0286-200x150.jpg 200w, https:\/\/ulf-forkel.de\/wp-content\/uploads\/2018\/09\/Foto0286-450x338.jpg 450w, https:\/\/ulf-forkel.de\/wp-content\/uploads\/2018\/09\/Foto0286-600x450.jpg 600w, https:\/\/ulf-forkel.de\/wp-content\/uploads\/2018\/09\/Foto0286-900x675.jpg 900w, https:\/\/ulf-forkel.de\/wp-content\/uploads\/2018\/09\/Foto0286.jpg 2048w\" sizes=\"(max-width: 300px) 100vw, 300px\" \/><\/p>\n<p>&nbsp;<\/p>\n<p><img decoding=\"async\" loading=\"lazy\" class=\"alignnone size-medium wp-image-167\" src=\"http:\/\/ulf-forkel.de\/wp-content\/uploads\/2018\/09\/Foto0255-300x225.jpg\" alt=\"\" width=\"300\" height=\"225\" srcset=\"https:\/\/ulf-forkel.de\/wp-content\/uploads\/2018\/09\/Foto0255-300x225.jpg 300w, https:\/\/ulf-forkel.de\/wp-content\/uploads\/2018\/09\/Foto0255-768x576.jpg 768w, https:\/\/ulf-forkel.de\/wp-content\/uploads\/2018\/09\/Foto0255-1024x768.jpg 1024w, https:\/\/ulf-forkel.de\/wp-content\/uploads\/2018\/09\/Foto0255-100x75.jpg 100w, https:\/\/ulf-forkel.de\/wp-content\/uploads\/2018\/09\/Foto0255-150x113.jpg 150w, https:\/\/ulf-forkel.de\/wp-content\/uploads\/2018\/09\/Foto0255-200x150.jpg 200w, https:\/\/ulf-forkel.de\/wp-content\/uploads\/2018\/09\/Foto0255-450x338.jpg 450w, https:\/\/ulf-forkel.de\/wp-content\/uploads\/2018\/09\/Foto0255-600x450.jpg 600w, https:\/\/ulf-forkel.de\/wp-content\/uploads\/2018\/09\/Foto0255-900x675.jpg 900w, https:\/\/ulf-forkel.de\/wp-content\/uploads\/2018\/09\/Foto0255.jpg 2048w\" sizes=\"(max-width: 300px) 100vw, 300px\" \/><\/p>\n","protected":false},"excerpt":{"rendered":"<p>Wir richten Ihnen gern Ihr Bad ein, wir beraten Sie bei der Auswahl von Wanne, Waschbecken, Dusche und Badm\u00f6beln und finden f\u00fcr Sie Ihre individuelle Badl\u00f6sung. Eine sch\u00f6ne und raffinierte L\u00f6sung: Die Dusche &#8222;Walk In&#8220; von HSK Die innovative Kombination &hellip;<\/p>\n<p class=\"read-more\"> <a class=\"more-link\" href=\"https:\/\/ulf-forkel.de\/?page_id=31\"> <span class=\"screen-reader-text\">Bad<\/span> Read More &raquo;<\/a><\/p>\n","protected":false},"author":1,"featured_media":0,"parent":0,"menu_order":0,"comment_status":"closed","ping_status":"closed","template":"","meta":[],"_links":{"self":[{"href":"https:\/\/ulf-forkel.de\/index.php?rest_route=\/wp\/v2\/pages\/31"}],"collection":[{"href":"https:\/\/ulf-forkel.de\/index.php?rest_route=\/wp\/v2\/pages"}],"about":[{"href":"https:\/\/ulf-forkel.de\/index.php?rest_route=\/wp\/v2\/types\/page"}],"author":[{"embeddable":true,"href":"https:\/\/ulf-forkel.de\/index.php?rest_route=\/wp\/v2\/users\/1"}],"replies":[{"embeddable":true,"href":"https:\/\/ulf-forkel.de\/index.php?rest_route=%2Fwp%2Fv2%2Fcomments&post=31"}],"version-history":[{"count":5,"href":"https:\/\/ulf-forkel.de\/index.php?rest_route=\/wp\/v2\/pages\/31\/revisions"}],"predecessor-version":[{"id":169,"href":"https:\/\/ulf-forkel.de\/index.php?rest_route=\/wp\/v2\/pages\/31\/revisions\/169"}],"wp:attachment":[{"href":"https:\/\/ulf-forkel.de\/index.php?rest_route=%2Fwp%2Fv2%2Fmedia&parent=31"}],"curies":[{"name":"wp","href":"https:\/\/api.w.org\/{rel}","templated":true}]}}